{"id":18,"date":"2021-01-30T14:31:27","date_gmt":"2021-01-30T13:31:27","guid":{"rendered":"http:\/\/skanfor.com\/?page_id=18"},"modified":"2021-01-30T14:40:23","modified_gmt":"2021-01-30T13:40:23","slug":"home","status":"publish","type":"page","link":"http:\/\/skanfor.com\/index.php\/home\/","title":{"rendered":"Home"},"content":{"rendered":"\t\t<div data-elementor-type=\"wp-page\" data-elementor-id=\"18\" class=\"elementor elementor-18\">\n\t\t\t\t\t\t<section class=\"elementor-section elementor-top-section elementor-element elementor-element-bd24383 elementor-section-boxed elementor-section-height-default elementor-section-height-default\" data-id=\"bd24383\" data-element_type=\"section\" data-e-type=\"section\">\n\t\t\t\t\t\t<div class=\"elementor-container elementor-column-gap-default\">\n\t\t\t\t\t<div class=\"elementor-column elementor-col-66 elementor-top-column elementor-element elementor-element-07ebd69\" data-id=\"07ebd69\" data-element_type=\"column\" data-e-type=\"column\">\n\t\t\t<div class=\"elementor-widget-wrap elementor-element-populated\">\n\t\t\t\t\t\t<div class=\"elementor-element elementor-element-70ac947 elementor-widget elementor-widget-text-editor\" data-id=\"70ac947\" data-element_type=\"widget\" data-e-type=\"widget\" data-widget_type=\"text-editor.default\">\n\t\t\t\t<div class=\"elementor-widget-container\">\n\t\t\t\t\t\t\t\t\t<h1>I c\u00f3\u017c \u017ce ze Szwecji?\u00a0<\/h1><h2>Przewijak Robust<\/h2><p>Szwedzka my\u015bl i wykonanie. Dzi\u0119ki monta\u017cowi na \u015bcianie, przewijak Robust, mo\u017ce by\u0107 stosowany w pomieszczeniach socjalnych, toaletach, pokojach dla matki z dzieckiem i wsz\u0119dzie tam gdzie najzwyczajniej brakuje miejsca na dodatkowe stanowisko do piel\u0119gnacji naszych ma\u0142ych pociech.<\/p><p>Przewijak produkowany jest w wielu kolorach, od naturalnego buku, d\u0119bu po kolor czerwony, bia\u0142y lub czarny. Jego konstrukcja zapewnia bezpiecze\u0144stwo oraz wygod\u0119 u\u017cytkowania. Wyposa\u017cony jest w spr\u0119\u017cyn\u0119 gazow\u0105, kt\u00f3ra u\u0142atwia jego rozk\u0142adanie i sk\u0142adanie jedn\u0105 r\u0119k\u0105. Po roz\u0142o\u017ceniu, przewijak automatycznie si\u0119 blokuje w celu zapewnienia stabilnej pracy.<\/p>\t\t\t\t\t\t\t\t<\/div>\n\t\t\t\t<\/div>\n\t\t\t\t\t<\/div>\n\t\t<\/div>\n\t\t\t\t<div class=\"elementor-column elementor-col-33 elementor-top-column elementor-element elementor-element-43ab67f\" data-id=\"43ab67f\" data-element_type=\"column\" data-e-type=\"column\">\n\t\t\t<div class=\"elementor-widget-wrap elementor-element-populated\">\n\t\t\t\t\t\t<div class=\"elementor-element elementor-element-c939b3d elementor-widget elementor-widget-image\" data-id=\"c939b3d\" data-element_type=\"widget\" data-e-type=\"widget\" data-widget_type=\"image.default\">\n\t\t\t\t<div class=\"elementor-widget-container\">\n\t\t\t\t\t\t\t\t\t\t\t\t\t\t\t<img fetchpriority=\"high\" decoding=\"async\" width=\"245\" height=\"206\" src=\"http:\/\/skanfor.com\/wp-content\/uploads\/2021\/01\/przewijaki-robust.jpg\" class=\"attachment-large size-large wp-image-20\" alt=\"przewijak\" \/>\t\t\t\t\t\t\t\t\t\t\t\t\t\t\t<\/div>\n\t\t\t\t<\/div>\n\t\t\t\t\t<\/div>\n\t\t<\/div>\n\t\t\t\t\t<\/div>\n\t\t<\/section>\n\t\t\t\t<section class=\"elementor-section elementor-top-section elementor-element elementor-element-a5ed471 elementor-section-boxed elementor-section-height-default elementor-section-height-default\" data-id=\"a5ed471\" data-element_type=\"section\" data-e-type=\"section\">\n\t\t\t\t\t\t<div class=\"elementor-container elementor-column-gap-default\">\n\t\t\t\t\t<div class=\"elementor-column elementor-col-100 elementor-top-column elementor-element elementor-element-993c759\" data-id=\"993c759\" data-element_type=\"column\" data-e-type=\"column\">\n\t\t\t<div class=\"elementor-widget-wrap elementor-element-populated\">\n\t\t\t\t\t\t<div class=\"elementor-element elementor-element-096c4e6 elementor-widget-divider--view-line elementor-widget elementor-widget-divider\" data-id=\"096c4e6\" data-element_type=\"widget\" data-e-type=\"widget\" data-widget_type=\"divider.default\">\n\t\t\t\t<div class=\"elementor-widget-container\">\n\t\t\t\t\t\t\t<div class=\"elementor-divider\">\n\t\t\t<span class=\"elementor-divider-separator\">\n\t\t\t\t\t\t<\/span>\n\t\t<\/div>\n\t\t\t\t\t\t<\/div>\n\t\t\t\t<\/div>\n\t\t\t\t\t<\/div>\n\t\t<\/div>\n\t\t\t\t\t<\/div>\n\t\t<\/section>\n\t\t\t\t<section class=\"elementor-section elementor-top-section elementor-element elementor-element-bd0e365 elementor-section-boxed elementor-section-height-default elementor-section-height-default\" data-id=\"bd0e365\" data-element_type=\"section\" data-e-type=\"section\">\n\t\t\t\t\t\t<div class=\"elementor-container elementor-column-gap-default\">\n\t\t\t\t\t<div class=\"elementor-column elementor-col-33 elementor-top-column elementor-element elementor-element-0b04c05\" data-id=\"0b04c05\" data-element_type=\"column\" data-e-type=\"column\">\n\t\t\t<div class=\"elementor-widget-wrap elementor-element-populated\">\n\t\t\t\t\t\t<div class=\"elementor-element elementor-element-bf08a85 elementor-widget elementor-widget-image\" data-id=\"bf08a85\" data-element_type=\"widget\" data-e-type=\"widget\" data-widget_type=\"image.default\">\n\t\t\t\t<div class=\"elementor-widget-container\">\n\t\t\t\t\t\t\t\t\t\t\t\t\t\t\t<img decoding=\"async\" width=\"183\" height=\"275\" src=\"http:\/\/skanfor.com\/wp-content\/uploads\/2021\/01\/robust-przewijak.jpg\" class=\"attachment-large size-large wp-image-22\" alt=\"przewijak\" \/>\t\t\t\t\t\t\t\t\t\t\t\t\t\t\t<\/div>\n\t\t\t\t<\/div>\n\t\t\t\t\t<\/div>\n\t\t<\/div>\n\t\t\t\t<div class=\"elementor-column elementor-col-33 elementor-top-column elementor-element elementor-element-5bed21d\" data-id=\"5bed21d\" data-element_type=\"column\" data-e-type=\"column\">\n\t\t\t<div class=\"elementor-widget-wrap elementor-element-populated\">\n\t\t\t\t\t\t<div class=\"elementor-element elementor-element-dd789a2 elementor-widget elementor-widget-image\" data-id=\"dd789a2\" data-element_type=\"widget\" data-e-type=\"widget\" data-widget_type=\"image.default\">\n\t\t\t\t<div class=\"elementor-widget-container\">\n\t\t\t\t\t\t\t\t\t\t\t\t\t\t\t<img decoding=\"async\" width=\"194\" height=\"259\" src=\"http:\/\/skanfor.com\/wp-content\/uploads\/2021\/01\/robust-czarny.jpg\" class=\"attachment-large size-large wp-image-24\" alt=\"przewijak czarny\" \/>\t\t\t\t\t\t\t\t\t\t\t\t\t\t\t<\/div>\n\t\t\t\t<\/div>\n\t\t\t\t\t<\/div>\n\t\t<\/div>\n\t\t\t\t<div class=\"elementor-column elementor-col-33 elementor-top-column elementor-element elementor-element-354efec\" data-id=\"354efec\" data-element_type=\"column\" data-e-type=\"column\">\n\t\t\t<div class=\"elementor-widget-wrap elementor-element-populated\">\n\t\t\t\t\t\t<div class=\"elementor-element elementor-element-53b920e elementor-widget elementor-widget-image\" data-id=\"53b920e\" data-element_type=\"widget\" data-e-type=\"widget\" data-widget_type=\"image.default\">\n\t\t\t\t<div class=\"elementor-widget-container\">\n\t\t\t\t\t\t\t\t\t\t\t\t\t\t\t<img loading=\"lazy\" decoding=\"async\" width=\"183\" height=\"275\" src=\"http:\/\/skanfor.com\/wp-content\/uploads\/2021\/01\/robust-bialy.jpg\" class=\"attachment-large size-large wp-image-25\" alt=\"przewijak\" \/>\t\t\t\t\t\t\t\t\t\t\t\t\t\t\t<\/div>\n\t\t\t\t<\/div>\n\t\t\t\t\t<\/div>\n\t\t<\/div>\n\t\t\t\t\t<\/div>\n\t\t<\/section>\n\t\t\t\t<section class=\"elementor-section elementor-top-section elementor-element elementor-element-b92c82d elementor-section-boxed elementor-section-height-default elementor-section-height-default\" data-id=\"b92c82d\" data-element_type=\"section\" data-e-type=\"section\">\n\t\t\t\t\t\t<div class=\"elementor-container elementor-column-gap-default\">\n\t\t\t\t\t<div class=\"elementor-column elementor-col-100 elementor-top-column elementor-element elementor-element-42f20aa\" data-id=\"42f20aa\" data-element_type=\"column\" data-e-type=\"column\">\n\t\t\t<div class=\"elementor-widget-wrap elementor-element-populated\">\n\t\t\t\t\t\t<div class=\"elementor-element elementor-element-9ed8021 elementor-widget-divider--view-line elementor-widget elementor-widget-divider\" data-id=\"9ed8021\" data-element_type=\"widget\" data-e-type=\"widget\" data-widget_type=\"divider.default\">\n\t\t\t\t<div class=\"elementor-widget-container\">\n\t\t\t\t\t\t\t<div class=\"elementor-divider\">\n\t\t\t<span class=\"elementor-divider-separator\">\n\t\t\t\t\t\t<\/span>\n\t\t<\/div>\n\t\t\t\t\t\t<\/div>\n\t\t\t\t<\/div>\n\t\t\t\t\t<\/div>\n\t\t<\/div>\n\t\t\t\t\t<\/div>\n\t\t<\/section>\n\t\t\t\t<section class=\"elementor-section elementor-top-section elementor-element elementor-element-9e3648b elementor-section-boxed elementor-section-height-default elementor-section-height-default\" data-id=\"9e3648b\" data-element_type=\"section\" data-e-type=\"section\">\n\t\t\t\t\t\t<div class=\"elementor-container elementor-column-gap-default\">\n\t\t\t\t\t<div class=\"elementor-column elementor-col-66 elementor-top-column elementor-element elementor-element-9b51107\" data-id=\"9b51107\" data-element_type=\"column\" data-e-type=\"column\">\n\t\t\t<div class=\"elementor-widget-wrap elementor-element-populated\">\n\t\t\t\t\t\t<div class=\"elementor-element elementor-element-9329a46 elementor-widget elementor-widget-text-editor\" data-id=\"9329a46\" data-element_type=\"widget\" data-e-type=\"widget\" data-widget_type=\"text-editor.default\">\n\t\t\t\t<div class=\"elementor-widget-container\">\n\t\t\t\t\t\t\t\t\t<h2>Ekopure &#8211; pure ziemniaczane na zawo\u0142anie<\/h2><p>&#8230; to zestaw, kt\u00f3ry umo\u017cliwi Ci szybkie i wygodne serwowanie porcji \u015bwie\u017co przyrz\u0105dzonego pure ziemniaczanego. Zestaw EkoPure sk\u0142ada si\u0119 z maszynki do przyrz\u0105dzania pure oraz sproszkowanej m\u0105czki ziemniaczanej, kt\u00f3ra zosta\u0142a opracowana specjalnie\u00a0 dla potrzeb szybkiego przyrz\u0105dzania w maszynce. To sprawia, \u017ce EkoPure jest perfekcyjnym uzupe\u0142nieniem zestawu grillowego.<\/p><p><strong>Kie\u0142baska z pure ziemniaczanym to skandynawski klasyk.<\/strong><\/p><p><strong>Ziemniaki&#8230;<\/strong><\/p><p>Z\u0142\u0105 s\u0142aw\u0119 zawdzi\u0119czaj\u0105 dodatkom, z jakimi je serwujemy \u2013 panierowanym kotletom, ci\u0119\u017ckim sosom i du\u017cym dawkom t\u0142uszczu, kt\u00f3rymi je polewamy. Tymczasem sam <strong>ziemniak<\/strong> niemal nie zawiera t\u0142uszczu (oko\u0142o 0,1 proc.), jest niskokaloryczny (oko\u0142o 75 kcal w 100 gramach), lekkostrawny i \u0142atwo przyswajalny dla organizmu. Same kartofle nie tylko nie tucz\u0105, ale nawet pomagaj\u0105 pozby\u0107 si\u0119 zb\u0119dnych kilogram\u00f3w. To produkt spo\u017cywczy, kt\u00f3ry przez d\u0142u\u017cszy czas mo\u017ce stanowi\u0107 jedyne \u017ar\u00f3d\u0142o po\u017cywienia dla cz\u0142owieka. Tak ekstremalna dieta nie jest jednak polecana. W przeciwie\u0144stwie do cz\u0119stego stosowania ziemniak\u00f3w \u2013 nie tylko w kuchni, ale te\u017c w formie lekarstwa. W niepozornej bulwie znajdziemy potas, magnez, \u017celazo, fosfor, wap\u0144, cynk, mied\u017a, mangan, witamin\u0119 A, B1, B2, B3, B6, C, D, E i K, PP, b\u0142onnik oraz skrobi\u0119.<\/p>\t\t\t\t\t\t\t\t<\/div>\n\t\t\t\t<\/div>\n\t\t\t\t\t<\/div>\n\t\t<\/div>\n\t\t\t\t<div class=\"elementor-column elementor-col-33 elementor-top-column elementor-element elementor-element-3bbf307\" data-id=\"3bbf307\" data-element_type=\"column\" data-e-type=\"column\">\n\t\t\t<div class=\"elementor-widget-wrap elementor-element-populated\">\n\t\t\t\t\t\t<div class=\"elementor-element elementor-element-76fe58b elementor-widget elementor-widget-image\" data-id=\"76fe58b\" data-element_type=\"widget\" data-e-type=\"widget\" data-widget_type=\"image.default\">\n\t\t\t\t<div class=\"elementor-widget-container\">\n\t\t\t\t\t\t\t\t\t\t\t\t\t\t\t<img loading=\"lazy\" decoding=\"async\" width=\"321\" height=\"448\" src=\"http:\/\/skanfor.com\/wp-content\/uploads\/2021\/01\/ekopure.jpg\" class=\"attachment-large size-large wp-image-21\" alt=\"ekopure\" srcset=\"http:\/\/skanfor.com\/wp-content\/uploads\/2021\/01\/ekopure.jpg 321w, http:\/\/skanfor.com\/wp-content\/uploads\/2021\/01\/ekopure-215x300.jpg 215w\" sizes=\"(max-width: 321px) 100vw, 321px\" \/>\t\t\t\t\t\t\t\t\t\t\t\t\t\t\t<\/div>\n\t\t\t\t<\/div>\n\t\t\t\t\t<\/div>\n\t\t<\/div>\n\t\t\t\t\t<\/div>\n\t\t<\/section>\n\t\t\t\t<section class=\"elementor-section elementor-top-section elementor-element elementor-element-907b6da elementor-section-boxed elementor-section-height-default elementor-section-height-default\" data-id=\"907b6da\" data-element_type=\"section\" data-e-type=\"section\">\n\t\t\t\t\t\t<div class=\"elementor-container elementor-column-gap-default\">\n\t\t\t\t\t<div class=\"elementor-column elementor-col-100 elementor-top-column elementor-element elementor-element-05765fb\" data-id=\"05765fb\" data-element_type=\"column\" data-e-type=\"column\">\n\t\t\t<div class=\"elementor-widget-wrap elementor-element-populated\">\n\t\t\t\t\t\t<div class=\"elementor-element elementor-element-f83964d elementor-widget-divider--view-line elementor-widget elementor-widget-divider\" data-id=\"f83964d\" data-element_type=\"widget\" data-e-type=\"widget\" data-widget_type=\"divider.default\">\n\t\t\t\t<div class=\"elementor-widget-container\">\n\t\t\t\t\t\t\t<div class=\"elementor-divider\">\n\t\t\t<span class=\"elementor-divider-separator\">\n\t\t\t\t\t\t<\/span>\n\t\t<\/div>\n\t\t\t\t\t\t<\/div>\n\t\t\t\t<\/div>\n\t\t\t\t\t<\/div>\n\t\t<\/div>\n\t\t\t\t\t<\/div>\n\t\t<\/section>\n\t\t\t\t<section class=\"elementor-section elementor-top-section elementor-element elementor-element-2d6239d elementor-section-boxed elementor-section-height-default elementor-section-height-default\" data-id=\"2d6239d\" data-element_type=\"section\" data-e-type=\"section\">\n\t\t\t\t\t\t<div class=\"elementor-container elementor-column-gap-default\">\n\t\t\t\t\t<div class=\"elementor-column elementor-col-100 elementor-top-column elementor-element elementor-element-ed8fcad\" data-id=\"ed8fcad\" data-element_type=\"column\" data-e-type=\"column\">\n\t\t\t<div class=\"elementor-widget-wrap elementor-element-populated\">\n\t\t\t\t\t\t<div class=\"elementor-element elementor-element-279bc3c elementor-widget elementor-widget-image\" data-id=\"279bc3c\" data-element_type=\"widget\" data-e-type=\"widget\" data-widget_type=\"image.default\">\n\t\t\t\t<div class=\"elementor-widget-container\">\n\t\t\t\t\t\t\t\t\t\t\t\t\t\t\t<img loading=\"lazy\" decoding=\"async\" width=\"648\" height=\"422\" src=\"http:\/\/skanfor.com\/wp-content\/uploads\/2021\/01\/ekopure-pure-ziemniaczane.jpg\" class=\"attachment-large size-large wp-image-26\" alt=\"piure ziemniaczane\" srcset=\"http:\/\/skanfor.com\/wp-content\/uploads\/2021\/01\/ekopure-pure-ziemniaczane.jpg 648w, http:\/\/skanfor.com\/wp-content\/uploads\/2021\/01\/ekopure-pure-ziemniaczane-300x195.jpg 300w, http:\/\/skanfor.com\/wp-content\/uploads\/2021\/01\/ekopure-pure-ziemniaczane-600x391.jpg 600w\" sizes=\"(max-width: 648px) 100vw, 648px\" \/>\t\t\t\t\t\t\t\t\t\t\t\t\t\t\t<\/div>\n\t\t\t\t<\/div>\n\t\t\t\t\t<\/div>\n\t\t<\/div>\n\t\t\t\t\t<\/div>\n\t\t<\/section>\n\t\t\t\t<section class=\"elementor-section elementor-top-section elementor-element elementor-element-771e2ce elementor-section-boxed elementor-section-height-default elementor-section-height-default\" data-id=\"771e2ce\" data-element_type=\"section\" data-e-type=\"section\">\n\t\t\t\t\t\t<div class=\"elementor-container elementor-column-gap-default\">\n\t\t\t\t\t<div class=\"elementor-column elementor-col-100 elementor-top-column elementor-element elementor-element-17c674c\" data-id=\"17c674c\" data-element_type=\"column\" data-e-type=\"column\">\n\t\t\t<div class=\"elementor-widget-wrap elementor-element-populated\">\n\t\t\t\t\t\t<div class=\"elementor-element elementor-element-940c71e elementor-widget-divider--view-line elementor-widget elementor-widget-divider\" data-id=\"940c71e\" data-element_type=\"widget\" data-e-type=\"widget\" data-widget_type=\"divider.default\">\n\t\t\t\t<div class=\"elementor-widget-container\">\n\t\t\t\t\t\t\t<div class=\"elementor-divider\">\n\t\t\t<span class=\"elementor-divider-separator\">\n\t\t\t\t\t\t<\/span>\n\t\t<\/div>\n\t\t\t\t\t\t<\/div>\n\t\t\t\t<\/div>\n\t\t\t\t\t<\/div>\n\t\t<\/div>\n\t\t\t\t\t<\/div>\n\t\t<\/section>\n\t\t\t\t<section class=\"elementor-section elementor-top-section elementor-element elementor-element-8cbca61 elementor-section-boxed elementor-section-height-default elementor-section-height-default\" data-id=\"8cbca61\" data-element_type=\"section\" data-e-type=\"section\">\n\t\t\t\t\t\t<div class=\"elementor-container elementor-column-gap-default\">\n\t\t\t\t\t<div class=\"elementor-column elementor-col-100 elementor-top-column elementor-element elementor-element-9649571\" data-id=\"9649571\" data-element_type=\"column\" data-e-type=\"column\">\n\t\t\t<div class=\"elementor-widget-wrap elementor-element-populated\">\n\t\t\t\t\t\t<div class=\"elementor-element elementor-element-f8f4afc elementor-widget elementor-widget-text-editor\" data-id=\"f8f4afc\" data-element_type=\"widget\" data-e-type=\"widget\" data-widget_type=\"text-editor.default\">\n\t\t\t\t<div class=\"elementor-widget-container\">\n\t\t\t\t\t\t\t\t\t<h2><b>SKANFOR sp\u00f3\u0142ka z ograniczon\u0105 odpowiedzialno\u015bci\u0105<\/b><\/h2><p>REGON: 142074132<\/p><p>NIP: 5322004822<\/p><p>KRS: 0000340450<\/p><p><strong>Adres:<\/strong><\/p><p>08-445 Osieck<\/p><p>ul. Warszawska 68<\/p>\t\t\t\t\t\t\t\t<\/div>\n\t\t\t\t<\/div>\n\t\t\t\t\t<\/div>\n\t\t<\/div>\n\t\t\t\t\t<\/div>\n\t\t<\/section>\n\t\t\t\t<section class=\"elementor-section elementor-top-section elementor-element elementor-element-efc36b0 elementor-section-boxed elementor-section-height-default elementor-section-height-default\" data-id=\"efc36b0\" data-element_type=\"section\" data-e-type=\"section\">\n\t\t\t\t\t\t<div class=\"elementor-container elementor-column-gap-default\">\n\t\t\t\t\t<div class=\"elementor-column elementor-col-100 elementor-top-column elementor-element elementor-element-58af8c9\" data-id=\"58af8c9\" data-element_type=\"column\" data-e-type=\"column\">\n\t\t\t<div class=\"elementor-widget-wrap elementor-element-populated\">\n\t\t\t\t\t\t<div class=\"elementor-element elementor-element-7642e58 elementor-widget elementor-widget-google_maps\" data-id=\"7642e58\" data-element_type=\"widget\" data-e-type=\"widget\" data-widget_type=\"google_maps.default\">\n\t\t\t\t<div class=\"elementor-widget-container\">\n\t\t\t\t\t\t\t<div class=\"elementor-custom-embed\">\n\t\t\t<iframe loading=\"lazy\"\n\t\t\t\t\tsrc=\"https:\/\/maps.google.com\/maps?q=warszawska%2068%20Osieck&#038;t=m&#038;z=10&#038;output=embed&#038;iwloc=near\"\n\t\t\t\t\ttitle=\"warszawska 68 Osieck\"\n\t\t\t\t\taria-label=\"warszawska 68 Osieck\"\n\t\t\t><\/iframe>\n\t\t<\/div>\n\t\t\t\t\t\t<\/div>\n\t\t\t\t<\/div>\n\t\t\t\t\t<\/div>\n\t\t<\/div>\n\t\t\t\t\t<\/div>\n\t\t<\/section>\n\t\t\t\t<\/div>\n\t\t","protected":false},"excerpt":{"rendered":"<p>I c\u00f3\u017c \u017ce ze Szwecji?\u00a0 Przewijak Robust Szwedzka my\u015bl i wykonanie. Dzi\u0119ki monta\u017cowi na \u015bcianie, przewijak Robust, mo\u017ce by\u0107 stosowany [&hellip;]<\/p>\n","protected":false},"author":1,"featured_media":0,"parent":0,"menu_order":0,"comment_status":"closed","ping_status":"closed","template":"","meta":{"site-sidebar-layout":"default","site-content-layout":"","ast-site-content-layout":"default","site-content-style":"default","site-sidebar-style":"default","ast-global-header-display":"","ast-banner-title-visibility":"","ast-main-header-display":"","ast-hfb-above-header-display":"","ast-hfb-below-header-display":"","ast-hfb-mobile-header-display":"","site-post-title":"","ast-breadcrumbs-content":"","ast-featured-img":"","footer-sml-layout":"","ast-disable-related-posts":"","theme-transparent-header-meta":"","adv-header-id-meta":"","stick-header-meta":"","header-above-stick-meta":"","header-main-stick-meta":"","header-below-stick-meta":"","astra-migrate-meta-layouts":"default","ast-page-background-enabled":"default","ast-page-background-meta":{"desktop":{"background-color":"var(--ast-global-color-5)","background-image":"","background-repeat":"repeat","background-position":"center center","background-size":"auto","background-attachment":"scroll","background-type":"","background-media":"","overlay-type":"","overlay-color":"","overlay-opacity":"","overlay-gradient":""},"tablet":{"background-color":"","background-image":"","background-repeat":"repeat","background-position":"center center","background-size":"auto","background-attachment":"scroll","background-type":"","background-media":"","overlay-type":"","overlay-color":"","overlay-opacity":"","overlay-gradient":""},"mobile":{"background-color":"","background-image":"","background-repeat":"repeat","background-position":"center center","background-size":"auto","background-attachment":"scroll","background-type":"","background-media":"","overlay-type":"","overlay-color":"","overlay-opacity":"","overlay-gradient":""}},"ast-content-background-meta":{"desktop":{"background-color":"var(--ast-global-color-4)","background-image":"","background-repeat":"repeat","background-position":"center center","background-size":"auto","background-attachment":"scroll","background-type":"","background-media":"","overlay-type":"","overlay-color":"","overlay-opacity":"","overlay-gradient":""},"tablet":{"background-color":"var(--ast-global-color-4)","background-image":"","background-repeat":"repeat","background-position":"center center","background-size":"auto","background-attachment":"scroll","background-type":"","background-media":"","overlay-type":"","overlay-color":"","overlay-opacity":"","overlay-gradient":""},"mobile":{"background-color":"var(--ast-global-color-4)","background-image":"","background-repeat":"repeat","background-position":"center center","background-size":"auto","background-attachment":"scroll","background-type":"","background-media":"","overlay-type":"","overlay-color":"","overlay-opacity":"","overlay-gradient":""}},"footnotes":""},"class_list":["post-18","page","type-page","status-publish","hentry"],"aioseo_notices":[],"_links":{"self":[{"href":"http:\/\/skanfor.com\/index.php\/wp-json\/wp\/v2\/pages\/18","targetHints":{"allow":["GET"]}}],"collection":[{"href":"http:\/\/skanfor.com\/index.php\/wp-json\/wp\/v2\/pages"}],"about":[{"href":"http:\/\/skanfor.com\/index.php\/wp-json\/wp\/v2\/types\/page"}],"author":[{"embeddable":true,"href":"http:\/\/skanfor.com\/index.php\/wp-json\/wp\/v2\/users\/1"}],"replies":[{"embeddable":true,"href":"http:\/\/skanfor.com\/index.php\/wp-json\/wp\/v2\/comments?post=18"}],"version-history":[{"count":4,"href":"http:\/\/skanfor.com\/index.php\/wp-json\/wp\/v2\/pages\/18\/revisions"}],"predecessor-version":[{"id":30,"href":"http:\/\/skanfor.com\/index.php\/wp-json\/wp\/v2\/pages\/18\/revisions\/30"}],"wp:attachment":[{"href":"http:\/\/skanfor.com\/index.php\/wp-json\/wp\/v2\/media?parent=18"}],"curies":[{"name":"wp","href":"https:\/\/api.w.org\/{rel}","templated":true}]}}